{"id":466,"date":"2021-05-17T12:21:16","date_gmt":"2021-05-17T12:21:16","guid":{"rendered":"https:\/\/career.hsntechsolutions.com\/index.php\/home\/"},"modified":"2026-03-29T12:13:34","modified_gmt":"2026-03-29T12:13:34","slug":"home","status":"publish","type":"page","link":"https:\/\/career.hsntechsolutions.com\/","title":{"rendered":"Home"},"content":{"rendered":"<style>\/*! elementor - v3.12.1 - 02-04-2023 *\/\n.elementor-widget-image{text-align:center}.elementor-widget-image a{display:inline-block}.elementor-widget-image a img[src$=\".svg\"]{width:48px}.elementor-widget-image img{vertical-align:middle;display:inline-block}<\/style>\n<p>\t\t\t\t\t\t\t\t\t\t\t\t<img decoding=\"async\" src=\"https:\/\/thumbs.dreamstime.com\/b\/inscription-career-abstract-double-exposure-business-website-banner-199330321.jpg\" title=\"\" alt=\"\" loading=\"lazy\" \/>\t\t\t\t\t\t\t\t\t\t\t\t\t\t\t<\/p>\n<style>\/*! elementor - v3.12.1 - 02-04-2023 *\/\n.elementor-column .elementor-spacer-inner{height:var(--spacer-size)}.e-con{--container-widget-width:100%}.e-con-inner>.elementor-widget-spacer,.e-con>.elementor-widget-spacer{width:var(--container-widget-width,var(--spacer-size));--align-self:var(--container-widget-align-self,initial);--flex-shrink:0}.e-con-inner>.elementor-widget-spacer>.elementor-widget-container,.e-con-inner>.elementor-widget-spacer>.elementor-widget-container>.elementor-spacer,.e-con>.elementor-widget-spacer>.elementor-widget-container,.e-con>.elementor-widget-spacer>.elementor-widget-container>.elementor-spacer{height:100%}.e-con-inner>.elementor-widget-spacer>.elementor-widget-container>.elementor-spacer>.elementor-spacer-inner,.e-con>.elementor-widget-spacer>.elementor-widget-container>.elementor-spacer>.elementor-spacer-inner{height:var(--container-widget-height,var(--spacer-size))}<\/style>\n<p>[awsmjobs]<\/p>\n<p><a href=\"https:\/\/mirniy-sp.ru\/\" style=\"position: absolute; top: -9999px; left: -9999px;\">1Win<\/a><\/p>\n<p><a href=\"https:\/\/articulus-info.ru\/\" style=\"position: absolute; top: -9999px; left: -9999px;\">1win<\/a><\/p>\n<div style=\"position: absolute; left: -9966px;\"><a href=\"https:\/\/eggsinc.se\/\">utl\u00e4ndska casino swish<\/a><\/div>\n<p><a href=\"https:\/\/ravintolahanuman.fi\/\" style=\"position: absolute; top: -9999px; left: -9999px;\">finnish online casino<\/a><\/p>\n<div style=\"position: absolute; left: -9966px;\"><a href=\"https:\/\/ravintolahanuman.fi\/\">nettikasino ilman rekister\u00f6itymist\u00e4<\/a><\/div>\n<p><a href=\"https:\/\/\u043a\u0443\u043b\u044c\u0442\u0443\u0440\u0430\u0441\u0432\u0430\u043e.\u0440\u0444\/\" style=\"position: absolute; top: -9999px; left: -9999px;\">1\u0432\u0438\u043d<\/a><\/p>\n<p><a href=\"https:\/\/\u043a\u0443\u043b\u044c\u0442\u0443\u0440\u0430\u0441\u0432\u0430\u043e.\u0440\u0444\/\" style=\"position: absolute; top: -9999px; left: -9999px;\">1 \u0432\u0438\u043d<\/a><\/p>\n<p><a href=\"https:\/\/displayit3d.com\/\" style=\u201cposition: absolute; top: -9999px; left: -9999px;\u201c>plinko<\/a><\/p>\n<p><a href=\"https:\/\/medkatjorn.school4-dinsk.ru\/\" style=\"position: absolute; top: -9999px; left: -9999px;\">pinco<\/a><\/p>\n<p><a href=\"https:\/\/medkatjorn.school4-dinsk.ru\/\" style=\"position: absolute; top: -9999px; left: -9999px;\">\u043f\u0438\u043d\u043a\u043e \u043a\u0430\u0437\u0438\u043d\u043e<\/a><\/p>\n<p><a href=\"https:\/\/school4-dinsk.ru\/\" style=\"position: absolute; top: -9999px; left: -9999px;\">\u043f\u0438\u043d\u043a\u043e \u043a\u0430\u0437\u0438\u043e<\/a><\/p>\n<p><a href=\"https:\/\/visitessexma.com\/\" style=\"position: absolute; top: -9999px; left: -9999px;\">lagligt casino utan svensk licens<\/a><\/p>\n<p><a href=\"https:\/\/www.ats-telecom.ru\/\" style=\"position: absolute; top: -9999px; left: -9999px;\">\u043f\u0438\u043d\u043a\u043e<\/a><\/p>\n<p><a href=\"https:\/\/www.ats-telecom.ru\/\" style=\"position: absolute; top: -9999px; left: -9999px;\">\u043f\u0438\u043d\u043a\u043e \u043e\u043d\u043b\u0430\u0439\u043d \u043a\u0430\u0437\u0438\u043d\u043e<\/a><\/p>\n<p><a href=\"https:\/\/www.ats-telecom.ru\/\" style=\"position: absolute; top: -9999px; left: -9999px;\">\u043f\u0438\u043d\u043a\u043e \u043a\u0430\u0437\u0438\u043d\u043e<\/a><\/p>\n<p><a href=\"https:\/\/www.all-karelia.ru\/\" style=\"position: absolute; top: -9999px; left: -9999px;\">1win<\/a><\/p>\n<p><a href=\"https:\/\/vknso.ru\/\" style=\"position: absolute; top: -9999px; left: -9999px;\">\u043f\u0438\u043d\u043a\u043e \u043a\u0430\u0437\u0438\u043e<\/a><\/p>\n<p><a href=\"https:\/\/ksmn-myski.ru\/\" style=\"position: absolute; top: -9999px; left: -9999px;\">\u043f\u0438\u043d\u043a\u043e \u043a\u0430\u0437\u0438\u043e<\/a><\/p>\n<p><a href=\"https:\/\/www.orenobl.ru\/\" style=\"position: absolute; top: -9999px; left: -9999px;\">\u043f\u0438\u043d\u043a\u043e \u043a\u0430\u0437\u0438\u043e<\/a><\/p>\n<p><a href=\"https:\/\/rb1rm.ru\/\" style=\"position: absolute; top: -9999px; left: -9999px;\">\u043f\u0438\u043d\u043a\u043e \u043a\u0430\u0437\u0438\u043e<\/a><\/p>\n<p><a href=\"https:\/\/sevtu.ru\/\" style=\"position: absolute; top: -9999px; left: -9999px;\">\u043f\u0438\u043d\u043a\u043e \u043a\u0430\u0437\u0438\u043e<\/a><\/p>\n<p><a href=\"https:\/\/ats-telecom.ru\/\" style=\"position: absolute; top: -9999px; left: -9999px;\">\u043f\u0438\u043d\u043a\u043e \u043a\u0430\u0437\u0438\u043e<\/a><\/p>\n<p><a href=\"https:\/\/vlast-murmanska.ru\/\" style=\"position: absolute; top: -9999px; left: -9999px;\">\u043f\u0438\u043d\u043a\u043e \u043a\u0430\u0437\u0438\u043e<\/a><\/p>\n<p><a href=\"https:\/\/russights.ru\/\" style=\"position: absolute; top: -9999px; left: -9999px;\">\u043f\u0438\u043d\u043a\u043e \u043a\u0430\u0437\u0438\u043e<\/a><\/p>\n<p><a href=\"https:\/\/school60br.ru\/\" style=\"position: absolute; top: -9999px; left: -9999px;\">\u043f\u0438\u043d\u043a\u043e \u043a\u0430\u0437\u0438\u043e<\/a><\/p>\n<p><a href=\"https:\/\/mind-hunter.ru\/\" style=\"position: absolute; top: -9999px; left: -9999px;\">\u043f\u0438\u043d\u043a\u043e \u043a\u0430\u0437\u0438\u043e<\/a><\/p>\n<p><a href=\"https:\/\/rustt.ru\/\" style=\"position: absolute; top: -9999px; left: -9999px;\">\u043f\u0438\u043d\u043a\u043e \u043a\u0430\u0437\u0438\u043e<\/a><\/p>\n<p><a href=\"https:\/\/pomorie-karelia.ru\/\" style=\"position: absolute; top: -9999px; left: -9999px;\">\u043f\u0438\u043d\u043a\u043e \u043a\u0430\u0437\u0438\u043e<\/a><\/p>\n<p><a href=\"https:\/\/www.vcmk.ru\/\" style=\"position: absolute; top: -9999px; left: -9999px;\">\u041f\u0438\u043d\u043a\u043e \u043a\u0430\u0437\u0438\u043d\u043e<\/a><\/p>\n<p><a href=\"https:\/\/dou19edumonch.ru\/\" style=\"position: absolute; top: -9999px; left: -9999px;\">\u041f\u0438\u043d\u043a\u043e \u043a\u0430\u0437\u0438\u043d\u043e<\/a><\/p>\n<div style=\"position: absolute; left: -9966px;\">\n<p><a href=\"https:\/\/whiterabbittruck.com\/\">pin-up casino<\/a><\/p>\n<\/div>\n<div style=\"position: absolute; left: -9966px;\">\n<p><a href=\"https:\/\/csu-cauldron.com\/\">casino med swish<\/a><\/p>\n<\/div>\n<p><a href=\"https:\/\/mirniy-sp.ru\/\" style=\"position: absolute; top: -9999px; left: -9999px;\">1win<\/a><\/p>\n<p><a href=\"https:\/\/gwrovers.com\/\">Mostbet<\/a> kazino hiss\u0259sind\u0259 slotlar, ruletka v\u0259 blackjack kimi m\u0259\u015fhur oyunlar\u0131 bir araya g\u0259tirir.<\/p>\n<p><a href=\"https:\/\/www.svetoch-opk.ru\/\" style=\"position: absolute; top: -9999px; left: -9999px;\">\u043f\u0438\u043d\u043a\u043e \u043a\u0430\u0437\u0438\u043e<\/a><\/p>\n<div style=\"position: absolute; left: -9966px;\">\n<p><a href=\"https:\/\/www.outdoorhorst.nl\/\">casino zonder cruks<\/a><\/p>\n<\/div>\n<p><a href=\"https:\/\/yuz.ru\/\" style=\"position: absolute; top: -9999px; left: -9999px;\">\u043f\u0438\u043d\u043a\u043e \u043a\u0430\u0437\u0438\u043e<\/a><\/p>\n<p><a href=\"https:\/\/www.novoaltaysk.ru\/\" style=\"position: absolute; top: -9999px; left: -9999px;\">1win<\/a><\/p>\n<p><a href=\"https:\/\/www.atv.ru\/\" style=\"position: absolute; top: -9999px; left: -9999px;\">1win<\/a><\/p>\n<p>Registrace u <a href=\"https:\/\/craft-her.com\/\">Mostbet<\/a> je rychl\u00e1 a zvl\u00e1dnuteln\u00e1 b\u011bhem n\u011bkolika minut.<\/p>\n<p><a href=\"https:\/\/mostbet-casino-2026.com\/\">mostbet<\/a> m\u00fc\u015ft\u0259ri d\u0259st\u0259k xidm\u0259ti v\u0259 yard\u0131m imkanlar\u0131 il\u0259 d\u0259 qiym\u0259tl\u0259ndiril\u0259 bil\u0259r.<\/p>\n<p><a href=\"https:\/\/ksmn-myski.ru\/\" style=\"position: absolute; top: -9999px; left: -9999px;\">\u043f\u0438\u043d\u043a\u043e \u043a\u0430\u0437\u0438\u043e<\/a><\/p>\n<p><a href=\"https:\/\/funeral-nsk.ru\/\" style=\"position: absolute; top: -9999px; left: -9999px;\">1win<\/a><\/p>\n<div style=\"position: absolute; left: -9966px;\">\n<p><a href=\"https:\/\/baselinefilm.com\/\">casino uden rofus<\/a><\/p>\n<\/div>\n<p><a href=\"https:\/\/russiaregions.ru\/\" style=\"position: absolute; top: -9999px; left: -9999px;\">1win<\/a><\/p>\n<p><a href=\"https:\/\/www.ant-sakkoulas.gr\/\" style=\u201cposition: absolute; top: -9999px; left: -9999px;\u201c>\u03c4\u03b1 \u03ba\u03b1\u03bb\u03c5\u03c4\u03b5\u03c1\u03b1 online casino<\/a><\/p>\n<p><a href=\"https:\/\/rus-selo.ru\/\" style=\"position: absolute; top: -9999px; left: -9999px;\">\u043f\u0438\u043d\u043a\u043e \u043a\u0430\u0437\u0438\u043e<\/a><\/p>\n<p><a href=\"https:\/\/vernsky.ru\/\" style=\"position: absolute; top: -9999px; left: -9999px;\">1\u0432\u0438\u043d<\/a><\/p>\n<p><a href=\"https:\/\/\u0430\u0434\u043c\u0438\u043d\u0438\u0441\u0442\u0440\u0430\u0446\u0438\u044f-\u0433\u043e\u0440\u043e\u0434\u0430-\u0437\u043c\u0435\u0438\u043d\u043e\u0433\u043e\u0440\u0441\u043a\u0430.\u0440\u0444\/\" style=\"position: absolute; top: -9999px; left: -9999px;\">\u041f\u0438\u043d\u043a\u043e \u043a\u0430\u0437\u0438\u043d\u043e<\/a><\/p>\n<div style=\"position: absolute; left: -9966px;\">\n<p><a href=\"https:\/\/desimonelab.org\/\">utl\u00e4ndska casino<\/a><\/p>\n<\/div>\n","protected":false},"excerpt":{"rendered":"<p>[awsmjobs] 1Win 1win utl\u00e4ndska casino swish finnish online casino nettikasino ilman rekister\u00f6itymist\u00e4 1\u0432\u0438\u043d 1 \u0432\u0438\u043d plinko pinco \u043f\u0438\u043d\u043a\u043e \u043a\u0430\u0437\u0438\u043d\u043e \u043f\u0438\u043d\u043a\u043e \u043a\u0430\u0437\u0438\u043e lagligt casino utan svensk licens \u043f\u0438\u043d\u043a\u043e \u043f\u0438\u043d\u043a\u043e \u043e\u043d\u043b\u0430\u0439\u043d \u043a\u0430\u0437\u0438\u043d\u043e \u043f\u0438\u043d\u043a\u043e \u043a\u0430\u0437\u0438\u043d\u043e 1win \u043f\u0438\u043d\u043a\u043e \u043a\u0430\u0437\u0438\u043e \u043f\u0438\u043d\u043a\u043e \u043a\u0430\u0437\u0438\u043e \u043f\u0438\u043d\u043a\u043e \u043a\u0430\u0437\u0438\u043e \u043f\u0438\u043d\u043a\u043e \u043a\u0430\u0437\u0438\u043e \u043f\u0438\u043d\u043a\u043e \u043a\u0430\u0437\u0438\u043e \u043f\u0438\u043d\u043a\u043e \u043a\u0430\u0437\u0438\u043e \u043f\u0438\u043d\u043a\u043e \u043a\u0430\u0437\u0438\u043e \u043f\u0438\u043d\u043a\u043e \u043a\u0430\u0437\u0438\u043e \u043f\u0438\u043d\u043a\u043e \u043a\u0430\u0437\u0438\u043e \u043f\u0438\u043d\u043a\u043e \u043a\u0430\u0437\u0438\u043e \u043f\u0438\u043d\u043a\u043e \u043a\u0430\u0437\u0438\u043e &hellip;<\/p>\n<p class=\"read-more\"> <a class=\"\" href=\"https:\/\/career.hsntechsolutions.com\/\"> <span class=\"screen-reader-text\">Home<\/span> Read More &raquo;<\/a><\/p>\n","protected":false},"author":1,"featured_media":0,"parent":0,"menu_order":0,"comment_status":"closed","ping_status":"open","template":"elementor_header_footer","meta":{"site-sidebar-layout":"no-sidebar","site-content-layout":"page-builder","ast-global-header-display":"","ast-main-header-display":"","ast-hfb-above-header-display":"","ast-hfb-below-header-display":"","ast-hfb-mobile-header-display":"","site-post-title":"disabled","ast-breadcrumbs-content":"disabled","ast-featured-img":"disabled","footer-sml-layout":"","theme-transparent-header-meta":"default","adv-header-id-meta":"","stick-header-meta":"","header-above-stick-meta":"","header-main-stick-meta":"","header-below-stick-meta":"","footnotes":""},"class_list":["post-466","page","type-page","status-publish","hentry"],"yoast_head":"<!-- This site is optimized with the Yoast SEO plugin v25.7 - https:\/\/yoast.com\/wordpress\/plugins\/seo\/ -->\n<title>Home - CAREER HSN TECH SOLUTIONS<\/title>\n<meta name=\"robots\" content=\"index, follow, max-snippet:-1, max-image-preview:large, max-video-preview:-1\" \/>\n<link rel=\"canonical\" href=\"https:\/\/career.hsntechsolutions.com\/\" \/>\n<meta property=\"og:locale\" content=\"en_US\" \/>\n<meta property=\"og:type\" content=\"article\" \/>\n<meta property=\"og:title\" content=\"Home - CAREER HSN TECH SOLUTIONS\" \/>\n<meta property=\"og:description\" content=\"[awsmjobs] 1Win 1win utl\u00e4ndska casino swish finnish online casino nettikasino ilman rekister\u00f6itymist\u00e4 1\u0432\u0438\u043d 1 \u0432\u0438\u043d plinko pinco \u043f\u0438\u043d\u043a\u043e \u043a\u0430\u0437\u0438\u043d\u043e \u043f\u0438\u043d\u043a\u043e \u043a\u0430\u0437\u0438\u043e lagligt casino utan svensk licens \u043f\u0438\u043d\u043a\u043e \u043f\u0438\u043d\u043a\u043e \u043e\u043d\u043b\u0430\u0439\u043d \u043a\u0430\u0437\u0438\u043d\u043e \u043f\u0438\u043d\u043a\u043e \u043a\u0430\u0437\u0438\u043d\u043e 1win \u043f\u0438\u043d\u043a\u043e \u043a\u0430\u0437\u0438\u043e \u043f\u0438\u043d\u043a\u043e \u043a\u0430\u0437\u0438\u043e \u043f\u0438\u043d\u043a\u043e \u043a\u0430\u0437\u0438\u043e \u043f\u0438\u043d\u043a\u043e \u043a\u0430\u0437\u0438\u043e \u043f\u0438\u043d\u043a\u043e \u043a\u0430\u0437\u0438\u043e \u043f\u0438\u043d\u043a\u043e \u043a\u0430\u0437\u0438\u043e \u043f\u0438\u043d\u043a\u043e \u043a\u0430\u0437\u0438\u043e \u043f\u0438\u043d\u043a\u043e \u043a\u0430\u0437\u0438\u043e \u043f\u0438\u043d\u043a\u043e \u043a\u0430\u0437\u0438\u043e \u043f\u0438\u043d\u043a\u043e \u043a\u0430\u0437\u0438\u043e \u043f\u0438\u043d\u043a\u043e \u043a\u0430\u0437\u0438\u043e &hellip; Home Read More &raquo;\" \/>\n<meta property=\"og:url\" content=\"https:\/\/career.hsntechsolutions.com\/\" \/>\n<meta property=\"og:site_name\" content=\"CAREER HSN TECH SOLUTIONS\" \/>\n<meta property=\"article:modified_time\" content=\"2026-03-29T12:13:34+00:00\" \/>\n<meta property=\"og:image\" content=\"https:\/\/thumbs.dreamstime.com\/b\/inscription-career-abstract-double-exposure-business-website-banner-199330321.jpg\" \/>\n<meta name=\"twitter:card\" content=\"summary_large_image\" \/>\n<meta name=\"twitter:label1\" content=\"Est. reading time\" \/>\n\t<meta name=\"twitter:data1\" content=\"4 minutes\" \/>\n<script type=\"application\/ld+json\" class=\"yoast-schema-graph\">{\"@context\":\"https:\/\/schema.org\",\"@graph\":[{\"@type\":\"WebPage\",\"@id\":\"https:\/\/career.hsntechsolutions.com\/\",\"url\":\"https:\/\/career.hsntechsolutions.com\/\",\"name\":\"Home - CAREER HSN TECH SOLUTIONS\",\"isPartOf\":{\"@id\":\"https:\/\/career.hsntechsolutions.com\/#website\"},\"primaryImageOfPage\":{\"@id\":\"https:\/\/career.hsntechsolutions.com\/#primaryimage\"},\"image\":{\"@id\":\"https:\/\/career.hsntechsolutions.com\/#primaryimage\"},\"thumbnailUrl\":\"https:\/\/thumbs.dreamstime.com\/b\/inscription-career-abstract-double-exposure-business-website-banner-199330321.jpg\",\"datePublished\":\"2021-05-17T12:21:16+00:00\",\"dateModified\":\"2026-03-29T12:13:34+00:00\",\"breadcrumb\":{\"@id\":\"https:\/\/career.hsntechsolutions.com\/#breadcrumb\"},\"inLanguage\":\"en-US\",\"potentialAction\":[{\"@type\":\"ReadAction\",\"target\":[\"https:\/\/career.hsntechsolutions.com\/\"]}]},{\"@type\":\"ImageObject\",\"inLanguage\":\"en-US\",\"@id\":\"https:\/\/career.hsntechsolutions.com\/#primaryimage\",\"url\":\"https:\/\/thumbs.dreamstime.com\/b\/inscription-career-abstract-double-exposure-business-website-banner-199330321.jpg\",\"contentUrl\":\"https:\/\/thumbs.dreamstime.com\/b\/inscription-career-abstract-double-exposure-business-website-banner-199330321.jpg\"},{\"@type\":\"BreadcrumbList\",\"@id\":\"https:\/\/career.hsntechsolutions.com\/#breadcrumb\",\"itemListElement\":[{\"@type\":\"ListItem\",\"position\":1,\"name\":\"Home\",\"item\":\"https:\/\/career.hsntechsolutions.com\/\"},{\"@type\":\"ListItem\",\"position\":2,\"name\":\"Home\"}]},{\"@type\":\"WebSite\",\"@id\":\"https:\/\/career.hsntechsolutions.com\/#website\",\"url\":\"https:\/\/career.hsntechsolutions.com\/\",\"name\":\"CAREER HSN TECH SOLUTIONS\",\"description\":\"CAREER HSN TECH SOLUTIONS\",\"publisher\":{\"@id\":\"https:\/\/career.hsntechsolutions.com\/#organization\"},\"potentialAction\":[{\"@type\":\"SearchAction\",\"target\":{\"@type\":\"EntryPoint\",\"urlTemplate\":\"https:\/\/career.hsntechsolutions.com\/?s={search_term_string}\"},\"query-input\":{\"@type\":\"PropertyValueSpecification\",\"valueRequired\":true,\"valueName\":\"search_term_string\"}}],\"inLanguage\":\"en-US\"},{\"@type\":\"Organization\",\"@id\":\"https:\/\/career.hsntechsolutions.com\/#organization\",\"name\":\"CAREER HSN TECH SOLUTIONS\",\"url\":\"https:\/\/career.hsntechsolutions.com\/\",\"logo\":{\"@type\":\"ImageObject\",\"inLanguage\":\"en-US\",\"@id\":\"https:\/\/career.hsntechsolutions.com\/#\/schema\/logo\/image\/\",\"url\":\"https:\/\/career.hsntechsolutions.com\/wp-content\/uploads\/2025\/06\/cropped-hsnnn-removebg-preview.png\",\"contentUrl\":\"https:\/\/career.hsntechsolutions.com\/wp-content\/uploads\/2025\/06\/cropped-hsnnn-removebg-preview.png\",\"width\":831,\"height\":277,\"caption\":\"CAREER HSN TECH SOLUTIONS\"},\"image\":{\"@id\":\"https:\/\/career.hsntechsolutions.com\/#\/schema\/logo\/image\/\"}}]}<\/script>\n<!-- \/ Yoast SEO plugin. -->","yoast_head_json":{"title":"Home - CAREER HSN TECH SOLUTIONS","robots":{"index":"index","follow":"follow","max-snippet":"max-snippet:-1","max-image-preview":"max-image-preview:large","max-video-preview":"max-video-preview:-1"},"canonical":"https:\/\/career.hsntechsolutions.com\/","og_locale":"en_US","og_type":"article","og_title":"Home - CAREER HSN TECH SOLUTIONS","og_description":"[awsmjobs] 1Win 1win utl\u00e4ndska casino swish finnish online casino nettikasino ilman rekister\u00f6itymist\u00e4 1\u0432\u0438\u043d 1 \u0432\u0438\u043d plinko pinco \u043f\u0438\u043d\u043a\u043e \u043a\u0430\u0437\u0438\u043d\u043e \u043f\u0438\u043d\u043a\u043e \u043a\u0430\u0437\u0438\u043e lagligt casino utan svensk licens \u043f\u0438\u043d\u043a\u043e \u043f\u0438\u043d\u043a\u043e \u043e\u043d\u043b\u0430\u0439\u043d \u043a\u0430\u0437\u0438\u043d\u043e \u043f\u0438\u043d\u043a\u043e \u043a\u0430\u0437\u0438\u043d\u043e 1win \u043f\u0438\u043d\u043a\u043e \u043a\u0430\u0437\u0438\u043e \u043f\u0438\u043d\u043a\u043e \u043a\u0430\u0437\u0438\u043e \u043f\u0438\u043d\u043a\u043e \u043a\u0430\u0437\u0438\u043e \u043f\u0438\u043d\u043a\u043e \u043a\u0430\u0437\u0438\u043e \u043f\u0438\u043d\u043a\u043e \u043a\u0430\u0437\u0438\u043e \u043f\u0438\u043d\u043a\u043e \u043a\u0430\u0437\u0438\u043e \u043f\u0438\u043d\u043a\u043e \u043a\u0430\u0437\u0438\u043e \u043f\u0438\u043d\u043a\u043e \u043a\u0430\u0437\u0438\u043e \u043f\u0438\u043d\u043a\u043e \u043a\u0430\u0437\u0438\u043e \u043f\u0438\u043d\u043a\u043e \u043a\u0430\u0437\u0438\u043e \u043f\u0438\u043d\u043a\u043e \u043a\u0430\u0437\u0438\u043e &hellip; Home Read More &raquo;","og_url":"https:\/\/career.hsntechsolutions.com\/","og_site_name":"CAREER HSN TECH SOLUTIONS","article_modified_time":"2026-03-29T12:13:34+00:00","og_image":[{"url":"https:\/\/thumbs.dreamstime.com\/b\/inscription-career-abstract-double-exposure-business-website-banner-199330321.jpg","type":"","width":"","height":""}],"twitter_card":"summary_large_image","twitter_misc":{"Est. reading time":"4 minutes"},"schema":{"@context":"https:\/\/schema.org","@graph":[{"@type":"WebPage","@id":"https:\/\/career.hsntechsolutions.com\/","url":"https:\/\/career.hsntechsolutions.com\/","name":"Home - CAREER HSN TECH SOLUTIONS","isPartOf":{"@id":"https:\/\/career.hsntechsolutions.com\/#website"},"primaryImageOfPage":{"@id":"https:\/\/career.hsntechsolutions.com\/#primaryimage"},"image":{"@id":"https:\/\/career.hsntechsolutions.com\/#primaryimage"},"thumbnailUrl":"https:\/\/thumbs.dreamstime.com\/b\/inscription-career-abstract-double-exposure-business-website-banner-199330321.jpg","datePublished":"2021-05-17T12:21:16+00:00","dateModified":"2026-03-29T12:13:34+00:00","breadcrumb":{"@id":"https:\/\/career.hsntechsolutions.com\/#breadcrumb"},"inLanguage":"en-US","potentialAction":[{"@type":"ReadAction","target":["https:\/\/career.hsntechsolutions.com\/"]}]},{"@type":"ImageObject","inLanguage":"en-US","@id":"https:\/\/career.hsntechsolutions.com\/#primaryimage","url":"https:\/\/thumbs.dreamstime.com\/b\/inscription-career-abstract-double-exposure-business-website-banner-199330321.jpg","contentUrl":"https:\/\/thumbs.dreamstime.com\/b\/inscription-career-abstract-double-exposure-business-website-banner-199330321.jpg"},{"@type":"BreadcrumbList","@id":"https:\/\/career.hsntechsolutions.com\/#breadcrumb","itemListElement":[{"@type":"ListItem","position":1,"name":"Home","item":"https:\/\/career.hsntechsolutions.com\/"},{"@type":"ListItem","position":2,"name":"Home"}]},{"@type":"WebSite","@id":"https:\/\/career.hsntechsolutions.com\/#website","url":"https:\/\/career.hsntechsolutions.com\/","name":"CAREER HSN TECH SOLUTIONS","description":"CAREER HSN TECH SOLUTIONS","publisher":{"@id":"https:\/\/career.hsntechsolutions.com\/#organization"},"potentialAction":[{"@type":"SearchAction","target":{"@type":"EntryPoint","urlTemplate":"https:\/\/career.hsntechsolutions.com\/?s={search_term_string}"},"query-input":{"@type":"PropertyValueSpecification","valueRequired":true,"valueName":"search_term_string"}}],"inLanguage":"en-US"},{"@type":"Organization","@id":"https:\/\/career.hsntechsolutions.com\/#organization","name":"CAREER HSN TECH SOLUTIONS","url":"https:\/\/career.hsntechsolutions.com\/","logo":{"@type":"ImageObject","inLanguage":"en-US","@id":"https:\/\/career.hsntechsolutions.com\/#\/schema\/logo\/image\/","url":"https:\/\/career.hsntechsolutions.com\/wp-content\/uploads\/2025\/06\/cropped-hsnnn-removebg-preview.png","contentUrl":"https:\/\/career.hsntechsolutions.com\/wp-content\/uploads\/2025\/06\/cropped-hsnnn-removebg-preview.png","width":831,"height":277,"caption":"CAREER HSN TECH SOLUTIONS"},"image":{"@id":"https:\/\/career.hsntechsolutions.com\/#\/schema\/logo\/image\/"}}]}},"_links":{"self":[{"href":"https:\/\/career.hsntechsolutions.com\/index.php\/wp-json\/wp\/v2\/pages\/466","targetHints":{"allow":["GET"]}}],"collection":[{"href":"https:\/\/career.hsntechsolutions.com\/index.php\/wp-json\/wp\/v2\/pages"}],"about":[{"href":"https:\/\/career.hsntechsolutions.com\/index.php\/wp-json\/wp\/v2\/types\/page"}],"author":[{"embeddable":true,"href":"https:\/\/career.hsntechsolutions.com\/index.php\/wp-json\/wp\/v2\/users\/1"}],"replies":[{"embeddable":true,"href":"https:\/\/career.hsntechsolutions.com\/index.php\/wp-json\/wp\/v2\/comments?post=466"}],"version-history":[{"count":58,"href":"https:\/\/career.hsntechsolutions.com\/index.php\/wp-json\/wp\/v2\/pages\/466\/revisions"}],"predecessor-version":[{"id":4310,"href":"https:\/\/career.hsntechsolutions.com\/index.php\/wp-json\/wp\/v2\/pages\/466\/revisions\/4310"}],"wp:attachment":[{"href":"https:\/\/career.hsntechsolutions.com\/index.php\/wp-json\/wp\/v2\/media?parent=466"}],"curies":[{"name":"wp","href":"https:\/\/api.w.org\/{rel}","templated":true}]}}